{"id":110,"date":"2022-12-21T17:39:00","date_gmt":"2022-12-21T20:39:00","guid":{"rendered":"http:\/\/www.compras.ma.gov.br\/portal\/?page_id=110"},"modified":"2023-07-14T01:07:43","modified_gmt":"2023-07-14T04:07:43","slug":"sobre-o-portal","status":"publish","type":"page","link":"http:\/\/www.compras.ma.gov.br\/portal\/sobre-o-portal\/","title":{"rendered":"Sobre o Portal de Compras"},"content":{"rendered":"<p><span style=\"font-size: medium;\">O Novo Portal de Compras Governamentais do Governo do Estado do Maranh\u00e3o possui um visual mais moderno, din\u00e2mico e intuitivo, foi reestruturado e redesenhado para oferecer informa\u00e7\u00f5es de qualidade com maior transpar\u00eancia.<\/span><\/p>\r\n<p><span style=\"font-size: medium;\">O Portal foi estabelecido para ser um canal de comunica\u00e7\u00e3o entre o Governo do Estado, os fornecedores e a sociedade. Nele \u00e9 poss\u00edvel acessar informa\u00e7\u00f5es sobre as contrata\u00e7\u00f5es e aquisi\u00e7\u00f5es realizadas pelo executivo estadual, al\u00e9m\u00a0de outros temas relacionados \u00a0\u00e0s compras p\u00fablicas, a exemplo de:<\/span><\/p>\r\n<ul>\r\n<li><span style=\"font-size: medium;\">Espa\u00e7o destinado a divulga\u00e7\u00f5es de a\u00e7\u00f5es relacionadas as Compras P\u00fablicas Estaduais;<\/span><\/li>\r\n<li><span style=\"font-size: medium;\">Demonstrativos e resultados das licita\u00e7\u00f5es realizadas a partir de 2017;<\/span><\/li>\r\n<li><span style=\"font-size: medium;\">Informa\u00e7\u00f5es sobre as licita\u00e7\u00f5es futuras, em andamento e realizadas;<\/span><\/li>\r\n<li><span style=\"font-size: medium;\">Acesso aos preg\u00f5es e compras diretas, al\u00e9m dos diversos m\u00f3dulos;<\/span><\/li>\r\n<li><span style=\"font-size: medium;\">Consulta e Acesso aos dados licitat\u00f3rios extra\u00eddos do pr\u00f3prio SIGA;<\/span><\/li>\r\n<li><span style=\"font-size: medium;\">Planejamento Anual de Compras P\u00fablicas;<\/span><\/li>\r\n<li><span style=\"font-size: medium;\">Informa\u00e7\u00f5es sobre as Atas de Registro de Pre\u00e7os gerenciadas pela SARP\/SEGEP.<\/span><\/li>\r\n<\/ul>\r\n<p style=\"text-align: justify;\">O Portal de Compras do Estado do Maranh\u00e3o, gerenciado pelo sistema SIGA foi implantado em 2016, seu uso \u00e9 obrigat\u00f3rio para os \u00f3rg\u00e3os e entidades da administra\u00e7\u00e3o direta, autarquias e funda\u00e7\u00f5es, conforme do Decreto Estadual n\u00b0 36.160\/2020.<\/p>\r\n<p style=\"text-align: justify;\">Por meio SIGA o Governo do Estado informatizou toda a cadeia log\u00edstica das compras p\u00fablicas, desde o planejamento de compras, gest\u00e3o de fornecedores, cat\u00e1logo de materiais e servi\u00e7os, gest\u00e3o de compras e contratos, gest\u00e3o de registro de pre\u00e7os, almoxarifado e patrim\u00f4nio, atua totalmente on-line, integrado entre m\u00f3dulos ele atendendo a legisla\u00e7\u00e3o vigente logo\u00a0 seguir\u00e1 para o processo de virtualiza\u00e7\u00e3o. Al\u00e9m disso, proporciona uma atua\u00e7\u00e3o mais din\u00e2mica permitindo atuar com fluxos processuais sistematizados e padronizados em todos os \u00f3rg\u00e3os.<\/p>\r\n<p style=\"text-align: justify;\">O Portal de Compras est\u00e1 em constante processo de moderniza\u00e7\u00e3o, \u00e9 uma\u00a0ferramenta que busca proporcionar maior qualidade no processo de compras e licita\u00e7\u00f5es p\u00fablicas estaduais, propiciando efic\u00e1cia nos seus resultados, possibilitando que as informa\u00e7\u00f5es e pr\u00e1ticas administrativas sejam atendidas em um \u00fanico espa\u00e7o.<\/p>\r\n<p>O portal \u00e9 gerenciado pela Secretaria de Gest\u00e3o, Patrim\u00f4nio e Assist\u00eancia dos Servidores (SEGEP), por meio das Secretarias Adjuntas de Registro de Pre\u00e7os e de Gest\u00e3o, Moderniza\u00e7\u00e3o e Patrim\u00f4nio conforme organograma abaixo:\u00a0<\/p>\r\n\r\n<figure class=\"wp-block-image size-large\"><img decoding=\"async\" class=\"wp-image-543\" src=\"http:\/\/www.compras.ma.gov.br\/portal\/wp-content\/uploads\/2022\/03\/organogramaaaaaa.jpg\" alt=\"\" \/><\/figure>\r\n\r\n\r\n\r\n<p>Entre em Contato:<\/p>\r\n\r\n\r\n\r\n<p><strong>Assuntos Gerais:<\/strong> gabinete.sarp@segep.ma.gov.br<\/p>\r\n\r\n\r\n\r\n\r\n\r\n\r\n\r\n<p><strong>Ades\u00e3o e Utiliza\u00e7\u00e3o de Atas:<\/strong> ugrp.sarp@segep.ma.gov.br ou ugrp.sarp@gmail.com<\/p>\r\n<p><strong>Almoxarifado e Patrim\u00f4nio:<\/strong> siga.patrimonio@segep.ma.gov.br<\/p>\r\n\r\n\r\n\r\n<p>&nbsp;<\/p>\r\n","protected":false},"excerpt":{"rendered":"<p>O Novo Portal de Compras Governamentais do Governo do Estado do Maranh\u00e3o possui um visual mais moderno, din\u00e2mico e intuitivo, foi reestruturado e redesenhado para oferecer informa\u00e7\u00f5es de qualidade com maior transpar\u00eancia. O Portal foi estabelecido para ser um canal de comunica\u00e7\u00e3o entre o Governo do Estado, os fornecedores e a sociedade. Nele \u00e9 poss\u00edvel [&hellip;]<\/p>\n","protected":false},"author":1,"featured_media":0,"parent":0,"menu_order":0,"comment_status":"closed","ping_status":"closed","template":"","meta":{"footnotes":""},"class_list":["post-110","page","type-page","status-publish","hentry"],"_links":{"self":[{"href":"http:\/\/www.compras.ma.gov.br\/portal\/wp-json\/wp\/v2\/pages\/110","targetHints":{"allow":["GET"]}}],"collection":[{"href":"http:\/\/www.compras.ma.gov.br\/portal\/wp-json\/wp\/v2\/pages"}],"about":[{"href":"http:\/\/www.compras.ma.gov.br\/portal\/wp-json\/wp\/v2\/types\/page"}],"author":[{"embeddable":true,"href":"http:\/\/www.compras.ma.gov.br\/portal\/wp-json\/wp\/v2\/users\/1"}],"replies":[{"embeddable":true,"href":"http:\/\/www.compras.ma.gov.br\/portal\/wp-json\/wp\/v2\/comments?post=110"}],"version-history":[{"count":0,"href":"http:\/\/www.compras.ma.gov.br\/portal\/wp-json\/wp\/v2\/pages\/110\/revisions"}],"wp:attachment":[{"href":"http:\/\/www.compras.ma.gov.br\/portal\/wp-json\/wp\/v2\/media?parent=110"}],"curies":[{"name":"wp","href":"https:\/\/api.w.org\/{rel}","templated":true}]}}