{"id":1367,"date":"2023-02-17T10:01:28","date_gmt":"2023-02-17T13:01:28","guid":{"rendered":"http:\/\/www.compras.ma.gov.br\/portal\/?page_id=1367"},"modified":"2023-10-03T10:30:50","modified_gmt":"2023-10-03T13:30:50","slug":"documentacao-necessaria-p-cadastro","status":"publish","type":"page","link":"http:\/\/www.compras.ma.gov.br\/portal\/documentacao-necessaria-p-cadastro\/","title":{"rendered":"Informa\u00e7\u00f5es sobre o Cadastro"},"content":{"rendered":"<p>O\u00a0cadastro \u00e9 realizado exclusivamente via\u00a0\u2018internet\u2019, atrav\u00e9s de um auto cadastro, onde o fornecedor fica respons\u00e1vel por prestar as\u00a0informa\u00e7\u00f5es relativas\u00a0\u00e0 sua empresa.<\/p>\n<p>Para emiss\u00e3o do Certificado de Registro Cadastral\u00a0\u2014\u00a0CRC\/MA, o credenciado deve anexar os documentos da empresa, no Sistema E-fornecedor e enviar para an\u00e1lise da Unidade Cadastradora no Maranh\u00e3o.<\/p>\n<p>Deve-se credenciar pelo menos um representante para desempenhar as atividades referente a empresa, que dever\u00e1 possuir uma senha pessoal e intransfer\u00edvel. A solicita\u00e7\u00e3o para representa\u00e7\u00e3o, ocorrer\u00e1 mediante a apresenta\u00e7\u00e3o de documentos de identifica\u00e7\u00e3o\u00a0com\u00a0documentos que comprovem v\u00ednculo com a empresa.<\/p>\n<p>O\u00a0Certificado de Registro Cadastral\u00a0\u2013\u00a0CRC\/MA ter\u00e1 vig\u00eancia expressa de um ano, ressalvado o prazo de validade da documenta\u00e7\u00e3o apresentada, a qual dever\u00e1 ser atualizada, periodicamente, objetivando a sua validade e a sua regularidade cadastral. Fique atendo para habilitar os perfis de acesso do credenciado para as Compras Direta e o Preg\u00e3o Eletr\u00f4nico.<\/p>\n<p>A cada solicita\u00e7\u00e3o realizada no Sistema E-fornecedor, lembre-se de receber e de enviar para an\u00e1lise, se n\u00e3o a solicita\u00e7\u00e3o permanecer\u00e1 no Sistema com situa\u00e7\u00e3o \u201cem elabora\u00e7\u00e3o\u201d.<\/p>\n<p><strong>ATEN\u00c7\u00c3O!!!!!<\/strong><\/p>\n<p><strong>\u00a0<\/strong>Se voc\u00ea j\u00e1 for um fornecedor para o Governo do Estado do Maranh\u00e3o, e ao efetuar o cadastro da empresa visualizar a mensagem <strong>\u201cJ\u00e1 existe um cadastro com CNPJ informado\u201d<\/strong>, precisa solicitar uma nova representa\u00e7\u00e3o, aguardar an\u00e1lise e deferimento da solicita\u00e7\u00e3o. Ap\u00f3s solicita\u00e7\u00e3o de nova representa\u00e7\u00e3o deferida, solicitar altera\u00e7\u00e3o de cadastro para cadastro com certificado, nessa etapa deve anexar a documenta\u00e7\u00e3o da empresa\u00a0e enviar para an\u00e1lise.<\/p>\n<p>D\u00favidas, entrar em contato atrav\u00e9s do e-mail <strong>gestaodefornecedores.ma@gmail.com<\/strong>.<\/p>\n<p>Documenta\u00e7\u00e3o Necess\u00e1ria para Cadastro de Empresa : <a href=\"http:\/\/www.compras.ma.gov.br\/portal\/wp-content\/uploads\/2023\/07\/Documentacao-Necessaria-CRC.pdf\" target=\"_blank\" rel=\"noopener\"><strong>CLIQUE AQUI\u00a0<\/strong><\/a><\/p>\n<p><a href=\"https:\/\/www.compras.ma.gov.br\/auto-cadastro\/#\/validado\/login\/externo?uri=http:%2F%2Fwww.compras.ma.gov.br%2Fefornecedor%2F&amp;produto=efornecedor\" target=\"_blank\" rel=\"noopener\">Cadastre-se !<\/a><\/p>\n<p>&nbsp;<\/p>\n","protected":false},"excerpt":{"rendered":"<p>O\u00a0cadastro \u00e9 realizado exclusivamente via\u00a0\u2018internet\u2019, atrav\u00e9s de um auto cadastro, onde o fornecedor fica respons\u00e1vel por prestar as\u00a0informa\u00e7\u00f5es relativas\u00a0\u00e0 sua empresa. Para emiss\u00e3o do Certificado de Registro Cadastral\u00a0\u2014\u00a0CRC\/MA, o credenciado deve anexar os documentos da empresa, no Sistema E-fornecedor e enviar para an\u00e1lise da Unidade Cadastradora no Maranh\u00e3o. Deve-se credenciar pelo menos um representante para [&hellip;]<\/p>\n","protected":false},"author":1,"featured_media":0,"parent":0,"menu_order":0,"comment_status":"closed","ping_status":"closed","template":"","meta":{"footnotes":""},"class_list":["post-1367","page","type-page","status-publish","hentry"],"_links":{"self":[{"href":"http:\/\/www.compras.ma.gov.br\/portal\/wp-json\/wp\/v2\/pages\/1367","targetHints":{"allow":["GET"]}}],"collection":[{"href":"http:\/\/www.compras.ma.gov.br\/portal\/wp-json\/wp\/v2\/pages"}],"about":[{"href":"http:\/\/www.compras.ma.gov.br\/portal\/wp-json\/wp\/v2\/types\/page"}],"author":[{"embeddable":true,"href":"http:\/\/www.compras.ma.gov.br\/portal\/wp-json\/wp\/v2\/users\/1"}],"replies":[{"embeddable":true,"href":"http:\/\/www.compras.ma.gov.br\/portal\/wp-json\/wp\/v2\/comments?post=1367"}],"version-history":[{"count":0,"href":"http:\/\/www.compras.ma.gov.br\/portal\/wp-json\/wp\/v2\/pages\/1367\/revisions"}],"wp:attachment":[{"href":"http:\/\/www.compras.ma.gov.br\/portal\/wp-json\/wp\/v2\/media?parent=1367"}],"curies":[{"name":"wp","href":"https:\/\/api.w.org\/{rel}","templated":true}]}}