{"id":16,"date":"2021-07-05T17:33:14","date_gmt":"2021-07-05T20:33:14","guid":{"rendered":"http:\/\/www.compras.ma.gov.br\/portal\/?page_id=16"},"modified":"2023-08-29T17:13:12","modified_gmt":"2023-08-29T20:13:12","slug":"ata-de-registro-de-preco","status":"publish","type":"page","link":"http:\/\/www.compras.ma.gov.br\/portal\/area-licitacoes-2\/ata-de-registro-de-preco\/","title":{"rendered":"Atas de Registro de Pre\u00e7os"},"content":{"rendered":"\r\n<p>Consulte aqui todas as Atas de Registros de Pre\u00e7os gerenciadas pela Secretaria Adjunta de Licita\u00e7\u00f5es e Compras Estrat\u00e9gicas &#8211; SALIC e disponibilizadas neste Portal.<\/p>\r\n\r\n\r\n\r\n<p>*Caso n\u00e3o localizou a ata desejada,\u00a0 <a href=\"https:\/\/www.segep.ma.gov.br\/licitacoes?\/0\/2022\"><strong>CONSULTE AQUI<\/strong><\/a> ou entre em contato pelo e-mail <strong><a href=\"mailto:rp.salic@segep.ma.gov.br\">rp.salic@segep.ma.gov.br\u00a0<\/a><\/strong>\u00a0 ou <strong><a href=\"https:\/\/www.google.com\/intl\/pt-BR\/gmail\/about\/\">surepe.salic@gmail.com<\/a><\/strong><\/p>\r\n<p>&nbsp;<\/p>\r\n\r\n\r\n\r\n<p><script>\r\ncaracterizarPagina = _ => {\r\ncss = `\r\nbody { min-width:0; background-color:fff; }\r\nform > section { text-align:center; }\r\n#body { float:none; display: inline-block; text-align:left; width: 100%; }\r\n.PaginaTitulo1 { display:none; }\r\ntable#form1\\\\:agendaDataTable,\r\ntable#form1\\\\:agendaDataTable * {border:none !important}\r\ntable#form1\\\\:agendaDataTable th {background-color: #fff; border-bottom: 3px double gray !important}\r\n\r\ntable#form1\\\\:agendaDataTable tr:nth-child(even) td {\r\n    background-color:#F8F8F8;\r\n}\r\ntable#form1\\\\:agendaDataTable tr:nth-child(odd) td {\r\n    background-color:#FFF;\r\n}\r\n\r\ntable#form1\\\\:agendaDataTable {width:100%}\r\n`;\r\nstyle = document.createElement('style');\r\nframes['frame_principal'].document.head.appendChild(style);\r\nstyle.type = 'text\/css';\r\nif (style.styleSheet){\r\n  style.styleSheet.cssText = css;\r\n} else {\r\n  style.appendChild(document.createTextNode(css));\r\n}\r\n\r\n}\r\n<\/script> <iframe loading=\"lazy\" id=\"frame_principal\" src=\"https:\/\/www.compras.ma.gov.br\/sgc\/faces\/pub\/sgc\/regpreco\/RegistroPrecoPageList.jsp\" name=\"frame_principal\" width=\"100%\" height=\"1200\" frameborder=\"0\" scrolling=\"no\"><\/iframe><\/p>\r\n\r\n\r\n\r\n<p>&nbsp;<\/p>\r\n","protected":false},"excerpt":{"rendered":"<p>Consulte aqui todas as Atas de Registros de Pre\u00e7os gerenciadas pela Secretaria Adjunta de Licita\u00e7\u00f5es e Compras Estrat\u00e9gicas &#8211; SALIC e disponibilizadas neste Portal. *Caso n\u00e3o localizou a ata desejada,\u00a0 CONSULTE AQUI ou entre em contato pelo e-mail rp.salic@segep.ma.gov.br\u00a0\u00a0 ou surepe.salic@gmail.com &nbsp; &nbsp;<\/p>\n","protected":false},"author":1,"featured_media":0,"parent":326,"menu_order":0,"comment_status":"closed","ping_status":"closed","template":"","meta":{"footnotes":""},"class_list":["post-16","page","type-page","status-publish","hentry"],"_links":{"self":[{"href":"http:\/\/www.compras.ma.gov.br\/portal\/wp-json\/wp\/v2\/pages\/16","targetHints":{"allow":["GET"]}}],"collection":[{"href":"http:\/\/www.compras.ma.gov.br\/portal\/wp-json\/wp\/v2\/pages"}],"about":[{"href":"http:\/\/www.compras.ma.gov.br\/portal\/wp-json\/wp\/v2\/types\/page"}],"author":[{"embeddable":true,"href":"http:\/\/www.compras.ma.gov.br\/portal\/wp-json\/wp\/v2\/users\/1"}],"replies":[{"embeddable":true,"href":"http:\/\/www.compras.ma.gov.br\/portal\/wp-json\/wp\/v2\/comments?post=16"}],"version-history":[{"count":0,"href":"http:\/\/www.compras.ma.gov.br\/portal\/wp-json\/wp\/v2\/pages\/16\/revisions"}],"up":[{"embeddable":true,"href":"http:\/\/www.compras.ma.gov.br\/portal\/wp-json\/wp\/v2\/pages\/326"}],"wp:attachment":[{"href":"http:\/\/www.compras.ma.gov.br\/portal\/wp-json\/wp\/v2\/media?parent=16"}],"curies":[{"name":"wp","href":"https:\/\/api.w.org\/{rel}","templated":true}]}}