{"id":1683,"date":"2023-07-12T10:57:14","date_gmt":"2023-07-12T13:57:14","guid":{"rendered":"http:\/\/www.compras.ma.gov.br\/portal\/?page_id=1683"},"modified":"2023-07-12T10:57:14","modified_gmt":"2023-07-12T13:57:14","slug":"contatos","status":"publish","type":"page","link":"http:\/\/www.compras.ma.gov.br\/portal\/contatos\/","title":{"rendered":"Contatos"},"content":{"rendered":"<p>Endere\u00e7os eletr\u00f4nicos da Secretaria Adjunta de Licita\u00e7\u00f5es e Compras Estrat\u00e9gicas &#8211; SALIC:<\/p>\n<p>&nbsp;<\/p>\n<ul>\n<li>\n<h5><strong><a href=\"mailto:gabinete.salic@segep.ma.gov.br\">gabinete.salic@segep.ma.gov.br<\/a><\/strong>\u00a0\u2013 Gabinete SALIC<\/h5>\n<\/li>\n<li>\n<h5><strong><a href=\"mailto:licitacao.salic@segep.ma.gov.br\">licitacao.salic@segep.ma.gov.br<\/a><\/strong>\u00a0\u2013 Superintend\u00eancia de Licita\u00e7\u00f5es<\/h5>\n<\/li>\n<li>\n<h5><strong><a href=\"mailto:rp.salic@segep.ma.gov.br\">rp.salic@segep.ma.gov.br\u00a0<\/a><\/strong>\u00a0 \/\u00a0<strong><a href=\"https:\/\/www.google.com\/intl\/pt-BR\/gmail\/about\/\">surepe.salic@gmail.com<\/a><\/strong>\u00a0 \u2013 Superintend\u00eancia de Registro de Pre\u00e7os<\/h5>\n<\/li>\n<li>\n<h5><strong><a href=\"mailto:planejamento.salic@segep.ma.gov.br\">planejamento.salic@segep.ma.gov.br<\/a><\/strong>\u00a0\u2013 Superintend\u00eancia de Planejamento<\/h5>\n<\/li>\n<li>\n<h5><strong><a href=\"mailto:contratos.salic@segep.ma.gov.br\">contratos.salic@segep.ma.gov.br<\/a><\/strong>\u00a0\u2013 Superintend\u00eancia de Contratos<\/h5>\n<\/li>\n<\/ul>\n","protected":false},"excerpt":{"rendered":"<p>Endere\u00e7os eletr\u00f4nicos da Secretaria Adjunta de Licita\u00e7\u00f5es e Compras Estrat\u00e9gicas &#8211; SALIC: &nbsp; gabinete.salic@segep.ma.gov.br\u00a0\u2013 Gabinete SALIC licitacao.salic@segep.ma.gov.br\u00a0\u2013 Superintend\u00eancia de Licita\u00e7\u00f5es rp.salic@segep.ma.gov.br\u00a0\u00a0 \/\u00a0surepe.salic@gmail.com\u00a0 \u2013 Superintend\u00eancia de Registro de Pre\u00e7os planejamento.salic@segep.ma.gov.br\u00a0\u2013 Superintend\u00eancia de Planejamento contratos.salic@segep.ma.gov.br\u00a0\u2013 Superintend\u00eancia de Contratos<\/p>\n","protected":false},"author":1,"featured_media":0,"parent":0,"menu_order":0,"comment_status":"closed","ping_status":"closed","template":"","meta":{"footnotes":""},"class_list":["post-1683","page","type-page","status-publish","hentry"],"_links":{"self":[{"href":"http:\/\/www.compras.ma.gov.br\/portal\/wp-json\/wp\/v2\/pages\/1683","targetHints":{"allow":["GET"]}}],"collection":[{"href":"http:\/\/www.compras.ma.gov.br\/portal\/wp-json\/wp\/v2\/pages"}],"about":[{"href":"http:\/\/www.compras.ma.gov.br\/portal\/wp-json\/wp\/v2\/types\/page"}],"author":[{"embeddable":true,"href":"http:\/\/www.compras.ma.gov.br\/portal\/wp-json\/wp\/v2\/users\/1"}],"replies":[{"embeddable":true,"href":"http:\/\/www.compras.ma.gov.br\/portal\/wp-json\/wp\/v2\/comments?post=1683"}],"version-history":[{"count":0,"href":"http:\/\/www.compras.ma.gov.br\/portal\/wp-json\/wp\/v2\/pages\/1683\/revisions"}],"wp:attachment":[{"href":"http:\/\/www.compras.ma.gov.br\/portal\/wp-json\/wp\/v2\/media?parent=1683"}],"curies":[{"name":"wp","href":"https:\/\/api.w.org\/{rel}","templated":true}]}}