{"id":2338,"date":"2023-08-29T18:47:37","date_gmt":"2023-08-29T21:47:37","guid":{"rendered":"http:\/\/www.compras.ma.gov.br\/portal\/?page_id=2338"},"modified":"2023-08-29T18:48:23","modified_gmt":"2023-08-29T21:48:23","slug":"tutoriais-pregao-eletronico","status":"publish","type":"page","link":"http:\/\/www.compras.ma.gov.br\/portal\/tutoriais-e-fornecedor\/tutoriais-pregao-eletronico\/","title":{"rendered":"TUTORIAIS \u2013 PREG\u00c3O ELETR\u00d4NICO"},"content":{"rendered":"<ul>\n<li><strong>Como lan\u00e7ar a Proposta<\/strong><\/li>\n<\/ul>\n<p><iframe loading=\"lazy\" title=\"Licitante Aula 01 - Lan\u00e7ar Proposta - Parte 1 (Preg\u00e3o Eletr\u00f4nico)\" width=\"500\" height=\"281\" src=\"https:\/\/www.youtube.com\/embed\/uLrt5LgskoA?list=PL4m94SaYli4XHPZG4ASMCaAP1sfwsE1s-\" frameborder=\"0\" allow=\"accelerometer; autoplay; clipboard-write; encrypted-media; gyroscope; picture-in-picture; web-share\" referrerpolicy=\"strict-origin-when-cross-origin\" allowfullscreen><\/iframe><\/p>\n<p><iframe loading=\"lazy\" title=\"Licitante Aula 01 - Lan\u00e7ar Proposta - Parte 2 (Preg\u00e3o Eletr\u00f4nico)\" width=\"500\" height=\"281\" src=\"https:\/\/www.youtube.com\/embed\/tUQ4h3zN8mk?list=PL4m94SaYli4XHPZG4ASMCaAP1sfwsE1s-\" frameborder=\"0\" allow=\"accelerometer; autoplay; clipboard-write; encrypted-media; gyroscope; picture-in-picture; web-share\" referrerpolicy=\"strict-origin-when-cross-origin\" allowfullscreen><\/iframe><\/p>\n<p><iframe loading=\"lazy\" title=\"Licitante Aula 01 - Lan\u00e7ar Proposta - Parte 3 (Preg\u00e3o Eletr\u00f4nico)\" width=\"500\" height=\"281\" src=\"https:\/\/www.youtube.com\/embed\/SNRlbLGG8s8?list=PL4m94SaYli4XHPZG4ASMCaAP1sfwsE1s-\" frameborder=\"0\" allow=\"accelerometer; autoplay; clipboard-write; encrypted-media; gyroscope; picture-in-picture; web-share\" referrerpolicy=\"strict-origin-when-cross-origin\" allowfullscreen><\/iframe><\/p>\n<ul>\n<li><strong>Como participar do Preg\u00e3o<\/strong><\/li>\n<\/ul>\n<p><iframe loading=\"lazy\" title=\"Licitante Aula 02 - Como Participar do Preg\u00e3o (Preg\u00e3o Eletr\u00f4nico)\" width=\"500\" height=\"281\" src=\"https:\/\/www.youtube.com\/embed\/0jHHaqcYQZ8?list=PL4m94SaYli4XHPZG4ASMCaAP1sfwsE1s-\" frameborder=\"0\" allow=\"accelerometer; autoplay; clipboard-write; encrypted-media; gyroscope; picture-in-picture; web-share\" referrerpolicy=\"strict-origin-when-cross-origin\" allowfullscreen><\/iframe><\/p>\n<ul>\n<li><strong>Fase recursal<\/strong><\/li>\n<\/ul>\n<p><iframe loading=\"lazy\" title=\"Licitante Aula 03 - Fase de Recurso (Preg\u00e3o Eletr\u00f4nico)\" width=\"500\" height=\"281\" src=\"https:\/\/www.youtube.com\/embed\/kTOIbt-ZhQw?list=PL4m94SaYli4XHPZG4ASMCaAP1sfwsE1s-\" frameborder=\"0\" allow=\"accelerometer; autoplay; clipboard-write; encrypted-media; gyroscope; picture-in-picture; web-share\" referrerpolicy=\"strict-origin-when-cross-origin\" allowfullscreen><\/iframe><\/p>\n","protected":false},"excerpt":{"rendered":"<p>Como lan\u00e7ar a Proposta Como participar do Preg\u00e3o Fase recursal<\/p>\n","protected":false},"author":2,"featured_media":0,"parent":488,"menu_order":0,"comment_status":"closed","ping_status":"closed","template":"","meta":{"footnotes":""},"class_list":["post-2338","page","type-page","status-publish","hentry"],"_links":{"self":[{"href":"http:\/\/www.compras.ma.gov.br\/portal\/wp-json\/wp\/v2\/pages\/2338","targetHints":{"allow":["GET"]}}],"collection":[{"href":"http:\/\/www.compras.ma.gov.br\/portal\/wp-json\/wp\/v2\/pages"}],"about":[{"href":"http:\/\/www.compras.ma.gov.br\/portal\/wp-json\/wp\/v2\/types\/page"}],"author":[{"embeddable":true,"href":"http:\/\/www.compras.ma.gov.br\/portal\/wp-json\/wp\/v2\/users\/2"}],"replies":[{"embeddable":true,"href":"http:\/\/www.compras.ma.gov.br\/portal\/wp-json\/wp\/v2\/comments?post=2338"}],"version-history":[{"count":0,"href":"http:\/\/www.compras.ma.gov.br\/portal\/wp-json\/wp\/v2\/pages\/2338\/revisions"}],"up":[{"embeddable":true,"href":"http:\/\/www.compras.ma.gov.br\/portal\/wp-json\/wp\/v2\/pages\/488"}],"wp:attachment":[{"href":"http:\/\/www.compras.ma.gov.br\/portal\/wp-json\/wp\/v2\/media?parent=2338"}],"curies":[{"name":"wp","href":"https:\/\/api.w.org\/{rel}","templated":true}]}}