{"id":324,"date":"2022-03-07T15:55:24","date_gmt":"2022-03-07T18:55:24","guid":{"rendered":"http:\/\/www.compras.ma.gov.br\/portal\/?page_id=324"},"modified":"2023-11-27T11:00:56","modified_gmt":"2023-11-27T14:00:56","slug":"area-fornecedor-2","status":"publish","type":"page","link":"http:\/\/www.compras.ma.gov.br\/portal\/area-fornecedor-2\/","title":{"rendered":"\u00c1rea do Fornecedor"},"content":{"rendered":"\r\n<p>Nesta \u00e1rea voc\u00ea poder\u00e1 acessar e atualizar informa\u00e7\u00f5es, atualizar operacionaliza<\/p>\r\n\r\n\r\n\r\n<h2 class=\"wp-block-heading\">teste<\/h2>\r\n\r\n\r\n\r\n<p>Nesta \u00e1rea voc\u00ea poder\u00e1 acessar e atualizar informa\u00e7\u00f5es, atuaizar operacionaliza<\/p>\r\n","protected":false},"excerpt":{"rendered":"<p>Nesta \u00e1rea voc\u00ea poder\u00e1 acessar e atualizar informa\u00e7\u00f5es, atualizar operacionaliza teste Nesta \u00e1rea voc\u00ea poder\u00e1 acessar e atualizar informa\u00e7\u00f5es, atuaizar operacionaliza<\/p>\n","protected":false},"author":1,"featured_media":0,"parent":0,"menu_order":0,"comment_status":"closed","ping_status":"closed","template":"","meta":{"footnotes":""},"class_list":["post-324","page","type-page","status-publish","hentry"],"_links":{"self":[{"href":"http:\/\/www.compras.ma.gov.br\/portal\/wp-json\/wp\/v2\/pages\/324","targetHints":{"allow":["GET"]}}],"collection":[{"href":"http:\/\/www.compras.ma.gov.br\/portal\/wp-json\/wp\/v2\/pages"}],"about":[{"href":"http:\/\/www.compras.ma.gov.br\/portal\/wp-json\/wp\/v2\/types\/page"}],"author":[{"embeddable":true,"href":"http:\/\/www.compras.ma.gov.br\/portal\/wp-json\/wp\/v2\/users\/1"}],"replies":[{"embeddable":true,"href":"http:\/\/www.compras.ma.gov.br\/portal\/wp-json\/wp\/v2\/comments?post=324"}],"version-history":[{"count":0,"href":"http:\/\/www.compras.ma.gov.br\/portal\/wp-json\/wp\/v2\/pages\/324\/revisions"}],"wp:attachment":[{"href":"http:\/\/www.compras.ma.gov.br\/portal\/wp-json\/wp\/v2\/media?parent=324"}],"curies":[{"name":"wp","href":"https:\/\/api.w.org\/{rel}","templated":true}]}}