{"id":326,"date":"2022-03-07T15:56:39","date_gmt":"2022-03-07T18:56:39","guid":{"rendered":"http:\/\/www.compras.ma.gov.br\/portal\/?page_id=326"},"modified":"2022-03-07T15:56:39","modified_gmt":"2022-03-07T18:56:39","slug":"area-licitacoes-2","status":"publish","type":"page","link":"http:\/\/www.compras.ma.gov.br\/portal\/area-licitacoes-2\/","title":{"rendered":"\u00c1rea Licita\u00e7\u00f5es"},"content":{"rendered":"<p><img loading=\"lazy\" decoding=\"async\" class=\"size-full wp-image-962 alignright\" src=\"http:\/\/www.compras.ma.gov.br\/portal\/wp-content\/uploads\/2021\/12\/pac.jpg\" alt=\"\" width=\"515\" height=\"353\" \/><\/p>\n","protected":false},"excerpt":{"rendered":"","protected":false},"author":1,"featured_media":0,"parent":0,"menu_order":0,"comment_status":"closed","ping_status":"closed","template":"","meta":{"footnotes":""},"class_list":["post-326","page","type-page","status-publish","hentry"],"_links":{"self":[{"href":"http:\/\/www.compras.ma.gov.br\/portal\/wp-json\/wp\/v2\/pages\/326","targetHints":{"allow":["GET"]}}],"collection":[{"href":"http:\/\/www.compras.ma.gov.br\/portal\/wp-json\/wp\/v2\/pages"}],"about":[{"href":"http:\/\/www.compras.ma.gov.br\/portal\/wp-json\/wp\/v2\/types\/page"}],"author":[{"embeddable":true,"href":"http:\/\/www.compras.ma.gov.br\/portal\/wp-json\/wp\/v2\/users\/1"}],"replies":[{"embeddable":true,"href":"http:\/\/www.compras.ma.gov.br\/portal\/wp-json\/wp\/v2\/comments?post=326"}],"version-history":[{"count":0,"href":"http:\/\/www.compras.ma.gov.br\/portal\/wp-json\/wp\/v2\/pages\/326\/revisions"}],"wp:attachment":[{"href":"http:\/\/www.compras.ma.gov.br\/portal\/wp-json\/wp\/v2\/media?parent=326"}],"curies":[{"name":"wp","href":"https:\/\/api.w.org\/{rel}","templated":true}]}}