{"id":496,"date":"2022-12-21T16:03:29","date_gmt":"2022-12-21T19:03:29","guid":{"rendered":"http:\/\/www.compras.ma.gov.br\/portal\/?page_id=496"},"modified":"2022-12-21T16:03:29","modified_gmt":"2022-12-21T19:03:29","slug":"manuais-2","status":"publish","type":"page","link":"http:\/\/www.compras.ma.gov.br\/portal\/manuais-2\/","title":{"rendered":"Manuais Operacionais"},"content":{"rendered":"\n<p>Acesse abaixo os manuais operacionais para servidores relacionados ao uso do sistema SIGA:<\/p>\n\n\n\n<p>&nbsp;<\/p>\n\n\n\n<div class=\"wp-block-group\">\n<div class=\"wp-block-group__inner-container is-layout-flow wp-block-group-is-layout-flow\">\n<ul class=\"wp-block-list\">\n<li>\n<h5><a href=\"http:\/\/www.compras.ma.gov.br\/portal\/wp-content\/uploads\/2022\/03\/Dispensa-por-valor-compra-direta_2020.pdf\" target=\"_blank\" rel=\"noopener\">Manual de Dispensa por Valor &#8211; Compra Direta<\/a><\/h5>\n<\/li>\n<li>\n<h5><a href=\"http:\/\/www.compras.ma.gov.br\/portal\/wp-content\/uploads\/2022\/03\/Inexigibilidade_MA-2020-Manual-Tramite-Operacional.pdf\" target=\"_blank\" rel=\"noopener\">Manual de Dispensa por Inexigibilidade<\/a><\/h5>\n<\/li>\n<li>\n<h5><a href=\"http:\/\/www.compras.ma.gov.br\/portal\/wp-content\/uploads\/2022\/03\/Processo-Licitatorio-CSL-2020-Manual-Tramite-Operacional.pdf\" target=\"_blank\" rel=\"noopener\">Manual de Tr\u00e2mite Processo Licitat\u00f3rio <\/a><\/h5>\n<\/li>\n<li>\n<h5><a href=\"http:\/\/www.compras.ma.gov.br\/portal\/wp-content\/uploads\/2022\/03\/Processo-Utilizacao-de-Ata_MA-2020-Manual-Tramite-Operacional-1.pdf\" target=\"_blank\" rel=\"noopener\">Manual de Processo Utiliza\u00e7\u00e3o de ARP<\/a><\/h5>\n<\/li>\n<li>\n<h5><a href=\"http:\/\/www.compras.ma.gov.br\/portal\/wp-content\/uploads\/2022\/04\/Manual-Entrada-ALMOXARIFADO-Siga-Atualizado_compressed.pdf\" target=\"_blank\" rel=\"noopener\">Manual de Entrada &#8211; Almoxarifado<\/a><\/h5>\n<\/li>\n<li>\n<h5><a href=\"http:\/\/www.compras.ma.gov.br\/portal\/wp-content\/uploads\/2022\/04\/Manual-Saida-ALMOXARIFADO-Siga_compressed.pdf\" target=\"_blank\" rel=\"noopener\">Manual de Sa\u00edda &#8211; Almoxarifado<\/a><\/h5>\n<\/li>\n<li>\n<h5><a href=\"http:\/\/www.compras.ma.gov.br\/portal\/wp-content\/uploads\/2022\/04\/Manual-Requisicao-SIGA-Atualizado_compressed.pdf\" target=\"_blank\" rel=\"noopener\">Manual de Requisi\u00e7\u00e3o &#8211; Almoxarifado<\/a><\/h5>\n<\/li>\n<li>\n<h5><a href=\"http:\/\/www.compras.ma.gov.br\/portal\/wp-content\/uploads\/2022\/04\/Manual-Entrada-por-Compra-no-PATRIMONIO-Siga_compressed.pdf\" target=\"_blank\" rel=\"noopener\">Manual de Entrada &#8211; Patrim\u00f4nio<\/a><\/h5>\n<\/li>\n<\/ul>\n<\/div>\n<\/div>\n\n\n\n<p>&nbsp;<\/p>\n","protected":false},"excerpt":{"rendered":"<p>Acesse abaixo os manuais operacionais para servidores relacionados ao uso do sistema SIGA: &nbsp; Manual de Dispensa por Valor &#8211; Compra Direta Manual de Dispensa por Inexigibilidade Manual de Tr\u00e2mite Processo Licitat\u00f3rio Manual de Processo Utiliza\u00e7\u00e3o de ARP Manual de Entrada &#8211; Almoxarifado Manual de Sa\u00edda &#8211; Almoxarifado Manual de Requisi\u00e7\u00e3o &#8211; Almoxarifado Manual de [&hellip;]<\/p>\n","protected":false},"author":1,"featured_media":0,"parent":0,"menu_order":0,"comment_status":"closed","ping_status":"closed","template":"","meta":{"footnotes":""},"class_list":["post-496","page","type-page","status-publish","hentry"],"_links":{"self":[{"href":"http:\/\/www.compras.ma.gov.br\/portal\/wp-json\/wp\/v2\/pages\/496","targetHints":{"allow":["GET"]}}],"collection":[{"href":"http:\/\/www.compras.ma.gov.br\/portal\/wp-json\/wp\/v2\/pages"}],"about":[{"href":"http:\/\/www.compras.ma.gov.br\/portal\/wp-json\/wp\/v2\/types\/page"}],"author":[{"embeddable":true,"href":"http:\/\/www.compras.ma.gov.br\/portal\/wp-json\/wp\/v2\/users\/1"}],"replies":[{"embeddable":true,"href":"http:\/\/www.compras.ma.gov.br\/portal\/wp-json\/wp\/v2\/comments?post=496"}],"version-history":[{"count":0,"href":"http:\/\/www.compras.ma.gov.br\/portal\/wp-json\/wp\/v2\/pages\/496\/revisions"}],"wp:attachment":[{"href":"http:\/\/www.compras.ma.gov.br\/portal\/wp-json\/wp\/v2\/media?parent=496"}],"curies":[{"name":"wp","href":"https:\/\/api.w.org\/{rel}","templated":true}]}}