{"id":556,"date":"2022-12-21T15:31:24","date_gmt":"2022-12-21T18:31:24","guid":{"rendered":"http:\/\/www.compras.ma.gov.br\/portal\/?page_id=556"},"modified":"2025-04-09T07:36:06","modified_gmt":"2025-04-09T10:36:06","slug":"leis-estaduais","status":"publish","type":"page","link":"http:\/\/www.compras.ma.gov.br\/portal\/legislacao-2\/leis-estaduais\/","title":{"rendered":"Legisla\u00e7\u00e3o Estadual"},"content":{"rendered":"\r\n<h2 class=\"wp-block-heading\">Leis Estaduais<\/h2>\r\n\r\n\r\n\r\n<p style=\"text-align: justify;\"><strong><a href=\"http:\/\/www.stc.ma.gov.br\/legisla-documento?id=4031\" target=\"_blank\" rel=\"noreferrer noopener\" data-type=\"URL\" data-id=\"http:\/\/www.stc.ma.gov.br\/legisla-documento?id=4031\">Lei n\u00ba 10.403\/2015<\/a><\/strong> &#8211; Regulamenta o tratamento diferenciado e simplificado para as Microempresas \u2013 ME, Empresas de Pequeno Porte \u2013 EPP, e Microempreendedores Individuais \u2013 MEI, nas licita\u00e7\u00f5es p\u00fablicas de bens, obras e servi\u00e7os, no \u00e2mbito da Administra\u00e7\u00e3o P\u00fablica Estadual, estabelecido pela Lei 9529, de 23 de Dezembro de 2011, e institui, no \u00e2mbito do Poder Executivo Estadual, o Programa de Compras Governamentais do Maranh\u00e3o.<\/p>\r\n\r\n\r\n\r\n<p>&nbsp;<\/p>\r\n\r\n\r\n\r\n<h2 class=\"wp-block-heading\">Decretos Estaduais<\/h2>\r\n<p><a href=\"http:\/\/www.compras.ma.gov.br\/portal\/wp-content\/uploads\/2023\/03\/Decreto-Central-de-Compras.pdf\"><strong>Decreto Estadual n\u00ba 38.138\/2023<\/strong><\/a> &#8211; Institui diretrizes para o funcionamento da Central Estrat\u00e9gica de Compras do Estado do Maranh\u00e3o\u00a0<\/p>\r\n<p style=\"text-align: left;\"><strong><a href=\"https:\/\/www.stc.ma.gov.br\/legisla-documento\/?id=6708\" target=\"_blank\" rel=\"noopener\">Decreto Estadual n\u00ba 38.082\/2023<\/a><\/strong> &#8211; Disp\u00f5e sobre a suspens\u00e3o dos procedimentos licitat\u00f3rios nos \u00f3rg\u00e3os do Poder Executivo Estadual e d\u00e1 outras provid\u00eancias.\u00a0<\/p>\r\n\r\n\r\n\r\n<p style=\"text-align: justify;\"><strong><a href=\"http:\/\/www.stc.ma.gov.br\/legisla-documento?id=5932\" target=\"_blank\" rel=\"noreferrer noopener\" data-type=\"URL\" data-id=\"http:\/\/www.stc.ma.gov.br\/legisla-documento?id=5932\">Decreto Estadual n\u00b0 36.184\/2020<\/a><\/strong> &#8211; Regulamenta o Sistema de Registro de Pre\u00e7os no Estado do Maranh\u00e3o.<\/p>\r\n\r\n\r\n\r\n<p style=\"text-align: justify;\"><strong><a href=\"http:\/\/www.stc.ma.gov.br\/legisla-documento?id=5932\">Decreto Estadual<\/a><a href=\"http:\/\/www.stc.ma.gov.br\/legisla-documento?id=5934\" target=\"_blank\" rel=\"noreferrer noopener\" data-type=\"URL\" data-id=\"http:\/\/www.stc.ma.gov.br\/legisla-documento?id=5934\"> n\u00b0 36.170\/202<\/a><a href=\"http:\/\/www.stc.ma.gov.br\/legisla-documento?id=5932\">0<\/a><\/strong> &#8211; Disp\u00f5e sobre o Cadastro de Fornece\u00addores do Estado do Maranh\u00e3o &#8211; CAD\u00adFOR\/MA, e d\u00e1 outras provid\u00eancias.<\/p>\r\n\r\n\r\n\r\n<p style=\"text-align: justify;\"><strong><a href=\"http:\/\/www.stc.ma.gov.br\/legisla-documento?id=5929\" target=\"_blank\" rel=\"noreferrer noopener\" data-type=\"URL\" data-id=\"http:\/\/www.stc.ma.gov.br\/legisla-documento?id=5929\">Decreto Estadual n\u00b0 36.161\/2020<\/a><\/strong> &#8211; Institui, no \u00e2mbito do Poder Executi\u00advo, o Plano Anual de Compras P\u00fabli\u00adcas, e d\u00e1 outras provid\u00eancias.<\/p>\r\n\r\n\r\n\r\n<p style=\"text-align: justify;\"><strong><a href=\"https:\/\/www.stc.ma.gov.br\/legisla-documento\/?id=5923\" target=\"_blank\" rel=\"noreferrer noopener\" data-type=\"URL\" data-id=\"https:\/\/www.stc.ma.gov.br\/legisla-documento\/?id=5923\">Decreto Estadual n\u00b0 36.160\/2020<\/a><\/strong> &#8211; Disp\u00f5e sobre o Sistema Integrado de Gest\u00e3o Administrativa (SIGA) e so\u00adbre Portal de Compras Governamen\u00adtais do Estado do Maranh\u00e3o.<\/p>\r\n\r\n\r\n\r\n<p style=\"text-align: justify;\"><strong><a href=\"http:\/\/www.stc.ma.gov.br\/legisla-documento?id=5929\" target=\"_blank\" rel=\"noreferrer noopener\">Decreto Estadual n\u00b0 35.486\/2019<\/a><\/strong> &#8211; Institui o Cat\u00e1logo de Materiais e Servi\u00ad\u00e7os do Estado do Maranh\u00e3o no \u00e2mbito da Administra\u00e7\u00e3o P\u00fablica Estadual Direta, Aut\u00e1rquica e Fundacional, e d\u00e1 outras provid\u00eancias.<\/p>\r\n\r\n\r\n\r\n<p>&nbsp;<\/p>\r\n\r\n\r\n\r\n<h2 class=\"wp-block-heading\">Instru\u00e7\u00e3o Normativa, Portarias e outros<\/h2>\r\n\r\n\r\n\r\n<p style=\"text-align: justify;\"><strong><a href=\"http:\/\/www.stc.ma.gov.br\/legisla-documento?id=6512\" target=\"_blank\" rel=\"noreferrer noopener\" data-type=\"URL\" data-id=\"http:\/\/www.stc.ma.gov.br\/legisla-documento?id=6512\">Instru\u00e7\u00e3o Normativa n\u00b0 001\/2022<\/a>\u00a0<\/strong>&#8211; Disp\u00f5e sobre as diretrizes, prazos e procedimentos para elabora\u00e7\u00e3o do Plano Anual de Compras P\u00fablicas, no \u00e2mbito do Poder Executivo Estadual..<\/p>\r\n","protected":false},"excerpt":{"rendered":"<p>Leis Estaduais Lei n\u00ba 10.403\/2015 &#8211; Regulamenta o tratamento diferenciado e simplificado para as Microempresas \u2013 ME, Empresas de Pequeno Porte \u2013 EPP, e Microempreendedores Individuais \u2013 MEI, nas licita\u00e7\u00f5es p\u00fablicas de bens, obras e servi\u00e7os, no \u00e2mbito da Administra\u00e7\u00e3o P\u00fablica Estadual, estabelecido pela Lei 9529, de 23 de Dezembro de 2011, e institui, no [&hellip;]<\/p>\n","protected":false},"author":1,"featured_media":0,"parent":551,"menu_order":2,"comment_status":"closed","ping_status":"closed","template":"","meta":{"footnotes":""},"class_list":["post-556","page","type-page","status-publish","hentry"],"_links":{"self":[{"href":"http:\/\/www.compras.ma.gov.br\/portal\/wp-json\/wp\/v2\/pages\/556","targetHints":{"allow":["GET"]}}],"collection":[{"href":"http:\/\/www.compras.ma.gov.br\/portal\/wp-json\/wp\/v2\/pages"}],"about":[{"href":"http:\/\/www.compras.ma.gov.br\/portal\/wp-json\/wp\/v2\/types\/page"}],"author":[{"embeddable":true,"href":"http:\/\/www.compras.ma.gov.br\/portal\/wp-json\/wp\/v2\/users\/1"}],"replies":[{"embeddable":true,"href":"http:\/\/www.compras.ma.gov.br\/portal\/wp-json\/wp\/v2\/comments?post=556"}],"version-history":[{"count":2,"href":"http:\/\/www.compras.ma.gov.br\/portal\/wp-json\/wp\/v2\/pages\/556\/revisions"}],"predecessor-version":[{"id":2414,"href":"http:\/\/www.compras.ma.gov.br\/portal\/wp-json\/wp\/v2\/pages\/556\/revisions\/2414"}],"up":[{"embeddable":true,"href":"http:\/\/www.compras.ma.gov.br\/portal\/wp-json\/wp\/v2\/pages\/551"}],"wp:attachment":[{"href":"http:\/\/www.compras.ma.gov.br\/portal\/wp-json\/wp\/v2\/media?parent=556"}],"curies":[{"name":"wp","href":"https:\/\/api.w.org\/{rel}","templated":true}]}}