{"id":562,"date":"2022-12-21T15:41:03","date_gmt":"2022-12-21T18:41:03","guid":{"rendered":"http:\/\/www.compras.ma.gov.br\/portal\/?page_id=562"},"modified":"2022-12-21T15:41:03","modified_gmt":"2022-12-21T18:41:03","slug":"leis-federais","status":"publish","type":"page","link":"http:\/\/www.compras.ma.gov.br\/portal\/legislacao-2\/leis-federais\/","title":{"rendered":"Legisla\u00e7\u00e3o Federal"},"content":{"rendered":"\n<h2 class=\"wp-block-heading\">Leis Federais<\/h2>\n\n\n\n<p><strong><a href=\"http:\/\/www.planalto.gov.br\/ccivil_03\/_ato2019-2022\/2021\/lei\/L14133.htm\" target=\"_blank\" rel=\"noopener\">Lei n\u00ba 14.133, de 1\u00ba de abril de 2021<\/a><\/strong> &#8211; Estabelece normas gerais de licita\u00e7\u00e3o e contrata\u00e7\u00e3o para as Administra\u00e7\u00f5es P\u00fablicas diretas, aut\u00e1rquicas e entes federados.<\/p>\n\n\n\n<p><strong><a href=\"http:\/\/www.planalto.gov.br\/ccivil_03\/leis\/l8666cons.htm\" target=\"_blank\" rel=\"noopener\">Lei n\u00ba 8.666, de 21 de junho de 1993<\/a><\/strong> &#8211; Lei de Licita\u00e7\u00f5es e Contratos &#8211; Regulamenta o art. 37, inciso XXI, da Constitui\u00e7\u00e3o Federal, institui normas para de licita\u00e7\u00f5es p\u00fablica e contratos da administra\u00e7\u00e3o p\u00fablica e previd\u00eancias.<\/p>\n\n\n\n<p><strong><a href=\"http:\/\/www.planalto.gov.br\/ccivil_03\/leis\/lcp\/lcp123.htm\" target=\"_blank\" rel=\"noopener\">Lei Complementar n\u00ba 123, de 14 de dezembro de 2006<\/a><\/strong> &#8211; Institui o estatuto nacional da Microempresa e da Empresa de Pequeno Porte.<\/p>\n\n\n\n<p><strong><a href=\"http:\/\/www.planalto.gov.br\/ccivil_03\/leis\/2002\/l10520.htm\" target=\"_blank\" rel=\"noopener\">Lei n\u00ba 10.520, de 17 de julho de 2002<\/a><\/strong> &#8211; Estabelece que para a aquisi\u00e7\u00e3o de bens e servi\u00e7os comuns, poder\u00e1 ser adotada a licita\u00e7\u00e3o na modalidade de preg\u00e3o que ser\u00e1 regida por esta Lei.<\/p>\n\n\n\n<p><strong><a href=\"http:\/\/www.planalto.gov.br\/ccivil_03\/_ato2015-2018\/2016\/lei\/l13303.htm\" target=\"_blank\" rel=\"noopener\">Lei n\u00ba 13.303, de 30 de junho de 2016.<\/a><\/strong> &#8211; Disp\u00f5e sobre o estatuto jur\u00eddico da empresa p\u00fablica, da sociedade de economia mista e de suas subsidi\u00e1rias e entes federados.<\/p>\n\n\n\n<p>&nbsp;<\/p>\n\n\n\n<p>&nbsp;<\/p>\n","protected":false},"excerpt":{"rendered":"<p>Leis Federais Lei n\u00ba 14.133, de 1\u00ba de abril de 2021 &#8211; Estabelece normas gerais de licita\u00e7\u00e3o e contrata\u00e7\u00e3o para as Administra\u00e7\u00f5es P\u00fablicas diretas, aut\u00e1rquicas e entes federados. Lei n\u00ba 8.666, de 21 de junho de 1993 &#8211; Lei de Licita\u00e7\u00f5es e Contratos &#8211; Regulamenta o art. 37, inciso XXI, da Constitui\u00e7\u00e3o Federal, institui normas [&hellip;]<\/p>\n","protected":false},"author":1,"featured_media":0,"parent":551,"menu_order":1,"comment_status":"closed","ping_status":"closed","template":"","meta":{"footnotes":""},"class_list":["post-562","page","type-page","status-publish","hentry"],"_links":{"self":[{"href":"http:\/\/www.compras.ma.gov.br\/portal\/wp-json\/wp\/v2\/pages\/562","targetHints":{"allow":["GET"]}}],"collection":[{"href":"http:\/\/www.compras.ma.gov.br\/portal\/wp-json\/wp\/v2\/pages"}],"about":[{"href":"http:\/\/www.compras.ma.gov.br\/portal\/wp-json\/wp\/v2\/types\/page"}],"author":[{"embeddable":true,"href":"http:\/\/www.compras.ma.gov.br\/portal\/wp-json\/wp\/v2\/users\/1"}],"replies":[{"embeddable":true,"href":"http:\/\/www.compras.ma.gov.br\/portal\/wp-json\/wp\/v2\/comments?post=562"}],"version-history":[{"count":0,"href":"http:\/\/www.compras.ma.gov.br\/portal\/wp-json\/wp\/v2\/pages\/562\/revisions"}],"up":[{"embeddable":true,"href":"http:\/\/www.compras.ma.gov.br\/portal\/wp-json\/wp\/v2\/pages\/551"}],"wp:attachment":[{"href":"http:\/\/www.compras.ma.gov.br\/portal\/wp-json\/wp\/v2\/media?parent=562"}],"curies":[{"name":"wp","href":"https:\/\/api.w.org\/{rel}","templated":true}]}}