{"id":720,"date":"2022-04-27T14:41:44","date_gmt":"2022-04-27T17:41:44","guid":{"rendered":"http:\/\/www.compras.ma.gov.br\/portal\/?page_id=720"},"modified":"2024-03-05T17:56:21","modified_gmt":"2024-03-05T20:56:21","slug":"formularios","status":"publish","type":"page","link":"http:\/\/www.compras.ma.gov.br\/portal\/formularios\/","title":{"rendered":"Cadastro de Usu\u00e1rios"},"content":{"rendered":"\r\n<p>Abaixo est\u00e3o dispon\u00edveis os formul\u00e1rios para cadastro de novos usu\u00e1rios, altera\u00e7\u00e3o ou exclus\u00e3o:\u00a0\u00a0<\/p>\r\n<ul>\r\n<li><a href=\"http:\/\/www.compras.ma.gov.br\/portal\/wp-content\/uploads\/2024\/03\/Formulario-Cadastro-Usuarios-OFICIAL-ATUALIZADO-2.docx\" rel=\"noopener\">Formul\u00e1rio Geral &#8211; Todos os m\u00f3dulos do SIGA<\/a><\/li>\r\n<\/ul>\r\n\r\n\r\n\r\n<ul>\r\n<li><a href=\"http:\/\/www.compras.ma.gov.br\/portal\/wp-content\/uploads\/2023\/02\/Formulario-Cadastro-de-usuario-PATRIMONIO.pdf\">Formul\u00e1rio para o M\u00f3dulo de Patrim\u00f4nio<\/a><\/li>\r\n<\/ul>\r\n<p>&nbsp;<\/p>\r\n<p>&nbsp;<\/p>\r\n<p>&nbsp;<\/p>\r\n\r\n\r\n\r\n\r\n","protected":false},"excerpt":{"rendered":"<p>Abaixo est\u00e3o dispon\u00edveis os formul\u00e1rios para cadastro de novos usu\u00e1rios, altera\u00e7\u00e3o ou exclus\u00e3o:\u00a0\u00a0 Formul\u00e1rio Geral &#8211; Todos os m\u00f3dulos do SIGA Formul\u00e1rio para o M\u00f3dulo de Patrim\u00f4nio &nbsp; &nbsp; &nbsp;<\/p>\n","protected":false},"author":1,"featured_media":0,"parent":0,"menu_order":0,"comment_status":"closed","ping_status":"closed","template":"","meta":{"footnotes":""},"class_list":["post-720","page","type-page","status-publish","hentry"],"_links":{"self":[{"href":"http:\/\/www.compras.ma.gov.br\/portal\/wp-json\/wp\/v2\/pages\/720","targetHints":{"allow":["GET"]}}],"collection":[{"href":"http:\/\/www.compras.ma.gov.br\/portal\/wp-json\/wp\/v2\/pages"}],"about":[{"href":"http:\/\/www.compras.ma.gov.br\/portal\/wp-json\/wp\/v2\/types\/page"}],"author":[{"embeddable":true,"href":"http:\/\/www.compras.ma.gov.br\/portal\/wp-json\/wp\/v2\/users\/1"}],"replies":[{"embeddable":true,"href":"http:\/\/www.compras.ma.gov.br\/portal\/wp-json\/wp\/v2\/comments?post=720"}],"version-history":[{"count":0,"href":"http:\/\/www.compras.ma.gov.br\/portal\/wp-json\/wp\/v2\/pages\/720\/revisions"}],"wp:attachment":[{"href":"http:\/\/www.compras.ma.gov.br\/portal\/wp-json\/wp\/v2\/media?parent=720"}],"curies":[{"name":"wp","href":"https:\/\/api.w.org\/{rel}","templated":true}]}}