{"id":868,"date":"2022-12-06T19:02:17","date_gmt":"2022-12-06T22:02:17","guid":{"rendered":"http:\/\/www.compras.ma.gov.br\/portal\/?page_id=868"},"modified":"2023-08-23T16:14:08","modified_gmt":"2023-08-23T19:14:08","slug":"nova-lei-de-licitacoes-e-contratos","status":"publish","type":"page","link":"http:\/\/www.compras.ma.gov.br\/portal\/legislacao-2\/nova-lei-de-licitacoes-e-contratos\/","title":{"rendered":"Regulamenta\u00e7\u00e3o  da Nova Lei de Licita\u00e7\u00f5es e Contratos"},"content":{"rendered":"\r\n<h2>Lei Federal<\/h2>\r\n<p><strong><a href=\"http:\/\/www.planalto.gov.br\/ccivil_03\/_ato2019-2022\/2021\/lei\/L14133.htm\" target=\"_blank\" rel=\"noopener\">Lei Federal n\u00ba 14.133, de 1\u00ba de abril de 2021<\/a><\/strong> &#8211; Estabelece normas gerais de licita\u00e7\u00e3o e contrata\u00e7\u00e3o para as Administra\u00e7\u00f5es P\u00fablicas Diretas, Aut\u00e1rquicas e entes federados.<\/p>\r\n<h2>\u00a0<\/h2>\r\n<h2>Decretos Estaduais<\/h2>\r\n<p><strong><a href=\"http:\/\/www.compras.ma.gov.br\/portal\/wp-content\/uploads\/2023\/03\/Decretos-Estaduais-PAG-1-28.pdf\">Decreto Estadual n\u00ba 38.134\/ 2023<\/a><\/strong> &#8211; Disp\u00f5e sobre as regras relativas \u00e0 atua\u00e7\u00e3o do agente de contrata\u00e7\u00e3o, do pregoeiro, da equipe de apoio, da comiss\u00e3o de contrata\u00e7\u00e3o e d\u00e1 outras provid\u00eancias\u00a0<\/p>\r\n<p><a href=\"http:\/\/www.compras.ma.gov.br\/portal\/wp-content\/uploads\/2023\/03\/Decretos-Estaduais-PAG-1-28.pdf\"><strong>Decreto Estadual n\u00ba 38.135\/2023<\/strong><\/a> &#8211; Disp\u00f5e sobre a dispensa de licita\u00e7\u00e3o, na forma eletr\u00f4nica, no \u00e2mbito da Administra\u00e7\u00e3o P\u00fablica Estadual.<\/p>\r\n<p><a href=\"http:\/\/www.compras.ma.gov.br\/portal\/wp-content\/uploads\/2023\/03\/Decretos-Estaduais-PAG-1-28.pdf\"><strong>Decreto Estadual n\u00ba 38.136\/2023<\/strong><\/a> &#8211;\u00a0 Regulamenta o Sistema de Registro de Pre\u00e7os no Estado do Maranh\u00e3o.<\/p>\r\n<p><a href=\"http:\/\/www.compras.ma.gov.br\/portal\/wp-content\/uploads\/2023\/03\/Decretos-Estaduais-PAG-1-28.pdf\"><strong>Decreto Estadual n\u00ba 38. 137\/2023<\/strong><\/a> &#8211; Institui o Cat\u00e1logo de Eletr\u00f4nico de Materiais e Servi\u00e7os do Estado do Maranh\u00e3o e d\u00e1 outras provid\u00eancias<\/p>\r\n<p>Decreto Estadual n\u00ba 38.479\/2023 &#8211; Altera o Decreto n\u00ba 38.425, de 20 de julho de 2023, que institui e estabelece diretrizes para o funcionamento da Secretaria Adjunta de Licita\u00e7\u00f5es e Compras Estrat\u00e9gicas do Estado do Maranh\u00e3o, e d\u00e1 outras provid\u00eancias.<\/p>\r\n<p>&nbsp;<\/p>\r\n<p>&nbsp;<\/p>\r\n\r\n\r\n\r\n<p>&nbsp;<\/p>\r\n\r\n\r\n\r\n<p>&nbsp;<\/p>\r\n","protected":false},"excerpt":{"rendered":"<p>Lei Federal Lei Federal n\u00ba 14.133, de 1\u00ba de abril de 2021 &#8211; Estabelece normas gerais de licita\u00e7\u00e3o e contrata\u00e7\u00e3o para as Administra\u00e7\u00f5es P\u00fablicas Diretas, Aut\u00e1rquicas e entes federados. \u00a0 Decretos Estaduais Decreto Estadual n\u00ba 38.134\/ 2023 &#8211; Disp\u00f5e sobre as regras relativas \u00e0 atua\u00e7\u00e3o do agente de contrata\u00e7\u00e3o, do pregoeiro, da equipe de apoio, [&hellip;]<\/p>\n","protected":false},"author":1,"featured_media":0,"parent":551,"menu_order":3,"comment_status":"closed","ping_status":"closed","template":"","meta":{"footnotes":""},"class_list":["post-868","page","type-page","status-publish","hentry"],"_links":{"self":[{"href":"http:\/\/www.compras.ma.gov.br\/portal\/wp-json\/wp\/v2\/pages\/868","targetHints":{"allow":["GET"]}}],"collection":[{"href":"http:\/\/www.compras.ma.gov.br\/portal\/wp-json\/wp\/v2\/pages"}],"about":[{"href":"http:\/\/www.compras.ma.gov.br\/portal\/wp-json\/wp\/v2\/types\/page"}],"author":[{"embeddable":true,"href":"http:\/\/www.compras.ma.gov.br\/portal\/wp-json\/wp\/v2\/users\/1"}],"replies":[{"embeddable":true,"href":"http:\/\/www.compras.ma.gov.br\/portal\/wp-json\/wp\/v2\/comments?post=868"}],"version-history":[{"count":0,"href":"http:\/\/www.compras.ma.gov.br\/portal\/wp-json\/wp\/v2\/pages\/868\/revisions"}],"up":[{"embeddable":true,"href":"http:\/\/www.compras.ma.gov.br\/portal\/wp-json\/wp\/v2\/pages\/551"}],"wp:attachment":[{"href":"http:\/\/www.compras.ma.gov.br\/portal\/wp-json\/wp\/v2\/media?parent=868"}],"curies":[{"name":"wp","href":"https:\/\/api.w.org\/{rel}","templated":true}]}}