{"id":888,"date":"2022-12-12T17:45:18","date_gmt":"2022-12-12T20:45:18","guid":{"rendered":"http:\/\/www.compras.ma.gov.br\/portal\/?page_id=888"},"modified":"2022-12-12T17:45:18","modified_gmt":"2022-12-12T20:45:18","slug":"consultas-publicas","status":"publish","type":"page","link":"http:\/\/www.compras.ma.gov.br\/portal\/legislacao-2\/consultas-publicas\/","title":{"rendered":"Consultas P\u00fablicas"},"content":{"rendered":"\n<p>Consulta P\u00fablicas em andamento ou realizadas.<\/p>\n\n\n\n<figure class=\"wp-block-table is-style-regular\"><table class=\"has-subtle-light-gray-background-color has-background\"><thead><tr><th><strong>Prazo para sugest\u00f5es<\/strong><\/th><th>Consulta P\u00fablica<\/th><th>Acesso ao Conte\u00fado<\/th><\/tr><\/thead><tbody><tr><td><br><strong>Abertura<\/strong>:\u00a009\/11\/2022<br><strong>Encerramento<\/strong>:\u00a015\/11\/2022<br><strong>Publica\u00e7\u00e3o DOE:<\/strong><br><strong>Status:<\/strong> Encerrada<\/td><td>Projeto de Decreto que disp\u00f5e sobre o procedimento auxiliar do Sistema de Registro de Pre\u00e7os.<\/td><td><strong>Link<\/strong>:&nbsp;<a rel=\"noreferrer noopener\" href=\"https:\/\/forms.gle\/if7Df1Rztyf3oVBS8\" data-type=\"URL\" data-id=\"https:\/\/forms.gle\/if7Df1Rztyf3oVBS8\" target=\"_blank\">Consulta<\/a><br><\/td><\/tr><\/tbody><\/table><\/figure>\n\n\n\n<p><\/p>\n","protected":false},"excerpt":{"rendered":"<p>Consulta P\u00fablicas em andamento ou realizadas. Prazo para sugest\u00f5es Consulta P\u00fablica Acesso ao Conte\u00fado Abertura:\u00a009\/11\/2022Encerramento:\u00a015\/11\/2022Publica\u00e7\u00e3o DOE:Status: Encerrada Projeto de Decreto que disp\u00f5e sobre o procedimento auxiliar do Sistema de Registro de Pre\u00e7os. Link:&nbsp;Consulta<\/p>\n","protected":false},"author":1,"featured_media":0,"parent":551,"menu_order":4,"comment_status":"closed","ping_status":"closed","template":"","meta":{"footnotes":""},"class_list":["post-888","page","type-page","status-publish","hentry"],"_links":{"self":[{"href":"http:\/\/www.compras.ma.gov.br\/portal\/wp-json\/wp\/v2\/pages\/888","targetHints":{"allow":["GET"]}}],"collection":[{"href":"http:\/\/www.compras.ma.gov.br\/portal\/wp-json\/wp\/v2\/pages"}],"about":[{"href":"http:\/\/www.compras.ma.gov.br\/portal\/wp-json\/wp\/v2\/types\/page"}],"author":[{"embeddable":true,"href":"http:\/\/www.compras.ma.gov.br\/portal\/wp-json\/wp\/v2\/users\/1"}],"replies":[{"embeddable":true,"href":"http:\/\/www.compras.ma.gov.br\/portal\/wp-json\/wp\/v2\/comments?post=888"}],"version-history":[{"count":0,"href":"http:\/\/www.compras.ma.gov.br\/portal\/wp-json\/wp\/v2\/pages\/888\/revisions"}],"up":[{"embeddable":true,"href":"http:\/\/www.compras.ma.gov.br\/portal\/wp-json\/wp\/v2\/pages\/551"}],"wp:attachment":[{"href":"http:\/\/www.compras.ma.gov.br\/portal\/wp-json\/wp\/v2\/media?parent=888"}],"curies":[{"name":"wp","href":"https:\/\/api.w.org\/{rel}","templated":true}]}}